{"id":30,"date":"2025-06-24T05:21:41","date_gmt":"2025-06-24T05:21:41","guid":{"rendered":"https:\/\/gossiptastefoods.com\/?page_id=30"},"modified":"2025-06-24T21:14:40","modified_gmt":"2025-06-24T21:14:40","slug":"about-us","status":"publish","type":"page","link":"https:\/\/gossiptastefoods.com\/en\/about-us\/","title":{"rendered":"About Us"},"content":{"rendered":"<div data-elementor-type=\"wp-page\" data-elementor-id=\"30\" class=\"elementor elementor-30\" data-elementor-post-type=\"page\">\n\t\t\t\t\t\t<section class=\"elementor-section elementor-top-section elementor-element elementor-element-528cd2f6 elementor-section-boxed elementor-section-height-default elementor-section-height-default\" data-id=\"528cd2f6\" data-element_type=\"section\" data-e-type=\"section\" data-settings=\"{&quot;background_background&quot;:&quot;classic&quot;}\">\n\t\t\t\t\t\t\t<div class=\"elementor-background-overlay\"><\/div>\n\t\t\t\t\t\t\t<div class=\"elementor-container elementor-column-gap-default\">\n\t\t\t\t\t<div class=\"elementor-column elementor-col-100 elementor-top-column elementor-element elementor-element-3111f3db\" data-id=\"3111f3db\" data-element_type=\"column\" data-e-type=\"column\">\n\t\t\t<div class=\"elementor-widget-wrap elementor-element-populated\">\n\t\t\t\t\t\t<section class=\"elementor-section elementor-inner-section elementor-element elementor-element-3488ddc3 elementor-section-boxed elementor-section-height-default elementor-section-height-default\" data-id=\"3488ddc3\" data-element_type=\"section\" data-e-type=\"section\">\n\t\t\t\t\t\t<div class=\"elementor-container elementor-column-gap-default\">\n\t\t\t\t\t<div class=\"elementor-column elementor-col-100 elementor-inner-column elementor-element elementor-element-769e543b\" data-id=\"769e543b\" data-element_type=\"column\" data-e-type=\"column\">\n\t\t\t<div class=\"elementor-widget-wrap elementor-element-populated\">\n\t\t\t\t\t\t<div class=\"elementor-element elementor-element-5d53f3cb elementor-invisible elementor-widget elementor-widget-heading\" data-id=\"5d53f3cb\" data-element_type=\"widget\" data-e-type=\"widget\" data-settings=\"{&quot;_animation&quot;:&quot;fadeInUp&quot;}\" data-widget_type=\"heading.default\">\n\t\t\t\t<div class=\"elementor-widget-container\">\n\t\t\t\t\t<h1 class=\"elementor-heading-title elementor-size-default\">About Us<\/h1>\t\t\t\t<\/div>\n\t\t\t\t<\/div>\n\t\t\t\t<div class=\"elementor-element elementor-element-43c9b40c elementor-invisible elementor-widget elementor-widget-heading\" data-id=\"43c9b40c\" data-element_type=\"widget\" data-e-type=\"widget\" data-settings=\"{&quot;_animation&quot;:&quot;fadeInUp&quot;,&quot;_animation_delay&quot;:200}\" data-widget_type=\"heading.default\">\n\t\t\t\t<div class=\"elementor-widget-container\">\n\t\t\t\t\t<h4 class=\"elementor-heading-title elementor-size-default\">Forget about boring snacks. <br>Forget about silent snacks.<\/h4>\t\t\t\t<\/div>\n\t\t\t\t<\/div>\n\t\t\t\t\t<\/div>\n\t\t<\/div>\n\t\t\t\t\t<\/div>\n\t\t<\/section>\n\t\t\t\t\t<\/div>\n\t\t<\/div>\n\t\t\t\t\t<\/div>\n\t\t<\/section>\n\t\t\t\t<section class=\"elementor-section elementor-top-section elementor-element elementor-element-46555ef elementor-section-boxed elementor-section-height-default elementor-section-height-default\" data-id=\"46555ef\" data-element_type=\"section\" data-e-type=\"section\" data-settings=\"{&quot;background_background&quot;:&quot;classic&quot;}\">\n\t\t\t\t\t\t<div class=\"elementor-container elementor-column-gap-default\">\n\t\t\t\t\t<div class=\"elementor-column elementor-col-50 elementor-top-column elementor-element elementor-element-37d88894 elementor-invisible\" data-id=\"37d88894\" data-element_type=\"column\" data-e-type=\"column\" data-settings=\"{&quot;animation&quot;:&quot;fadeInLeft&quot;}\">\n\t\t\t<div class=\"elementor-widget-wrap elementor-element-populated\">\n\t\t\t\t\t\t<div class=\"elementor-element elementor-element-3a7118bc elementor-widget elementor-widget-heading\" data-id=\"3a7118bc\" data-element_type=\"widget\" data-e-type=\"widget\" data-widget_type=\"heading.default\">\n\t\t\t\t<div class=\"elementor-widget-container\">\n\t\t\t\t\t<h2 class=\"elementor-heading-title elementor-size-default\">Gossip Taste\u2122: The Snack That Has Both Flavor and Personality<\/h2>\t\t\t\t<\/div>\n\t\t\t\t<\/div>\n\t\t\t\t<div class=\"elementor-element elementor-element-2a3a9f2e elementor-widget elementor-widget-text-editor\" data-id=\"2a3a9f2e\" data-element_type=\"widget\" data-e-type=\"widget\" data-widget_type=\"text-editor.default\">\n\t\t\t\t<div class=\"elementor-widget-container\">\n\t\t\t\t\t\t\t\t\t<p>At\u00a0<strong>Gossip Taste\u2122.<\/strong>\u00a0we create snacks with personality: bold, crunchy and ready to be talked about. We were born in Ecuador to bring to the world the perfect snack to accompany your tastiest (and most gossipy) moments.<\/p>\t\t\t\t\t\t\t\t<\/div>\n\t\t\t\t<\/div>\n\t\t\t\t<div class=\"elementor-element elementor-element-741f5be2 elementor-view-stacked elementor-position-inline-start elementor-mobile-position-inline-start elementor-shape-circle elementor-widget elementor-widget-icon-box\" data-id=\"741f5be2\" data-element_type=\"widget\" data-e-type=\"widget\" data-widget_type=\"icon-box.default\">\n\t\t\t\t<div class=\"elementor-widget-container\">\n\t\t\t\t\t\t\t<div class=\"elementor-icon-box-wrapper\">\n\n\t\t\t\t\t\t<div class=\"elementor-icon-box-icon\">\n\t\t\t\t<span  class=\"elementor-icon\">\n\t\t\t\t<i aria-hidden=\"true\" class=\"icon icon-emoji\"><\/i>\t\t\t\t<\/span>\n\t\t\t<\/div>\n\t\t\t\n\t\t\t\t\t\t<div class=\"elementor-icon-box-content\">\n\n\t\t\t\t\t\t\t\t\t<div class=\"elementor-icon-box-title\">\n\t\t\t\t\t\t<span  >\n\t\t\t\t\t\t\tBold by nature\t\t\t\t\t\t<\/span>\n\t\t\t\t\t<\/div>\n\t\t\t\t\n\t\t\t\t\t\t\t\t\t<p class=\"elementor-icon-box-description\">\n\t\t\t\t\t\tWe like to break with the classics and dare with flavors that give people something to talk about.\t\t\t\t\t<\/p>\n\t\t\t\t\n\t\t\t<\/div>\n\t\t\t\n\t\t<\/div>\n\t\t\t\t\t\t<\/div>\n\t\t\t\t<\/div>\n\t\t\t\t<div class=\"elementor-element elementor-element-90be798 elementor-view-stacked elementor-position-inline-start elementor-mobile-position-inline-start elementor-shape-circle elementor-widget elementor-widget-icon-box\" data-id=\"90be798\" data-element_type=\"widget\" data-e-type=\"widget\" data-widget_type=\"icon-box.default\">\n\t\t\t\t<div class=\"elementor-widget-container\">\n\t\t\t\t\t\t\t<div class=\"elementor-icon-box-wrapper\">\n\n\t\t\t\t\t\t<div class=\"elementor-icon-box-icon\">\n\t\t\t\t<span  class=\"elementor-icon\">\n\t\t\t\t<svg aria-hidden=\"true\" class=\"e-font-icon-svg e-far-heart\" viewbox=\"0 0 512 512\" xmlns=\"http:\/\/www.w3.org\/2000\/svg\"><path d=\"M458.4 64.3C400.6 15.7 311.3 23 256 79.3 200.7 23 111.4 15.6 53.6 64.3-21.6 127.6-10.6 230.8 43 285.5l175.4 178.7c10 10.2 23.4 15.9 37.6 15.9 14.3 0 27.6-5.6 37.6-15.8L469 285.6c53.5-54.7 64.7-157.9-10.6-221.3zm-23.6 187.5L259.4 430.5c-2.4 2.4-4.4 2.4-6.8 0L77.2 251.8c-36.5-37.2-43.9-107.6 7.3-150.7 38.9-32.7 98.9-27.8 136.5 10.5l35 35.7 35-35.7c37.8-38.5 97.8-43.2 136.5-10.6 51.1 43.1 43.5 113.9 7.3 150.8z\"><\/path><\/svg>\t\t\t\t<\/span>\n\t\t\t<\/div>\n\t\t\t\n\t\t\t\t\t\t<div class=\"elementor-icon-box-content\">\n\n\t\t\t\t\t\t\t\t\t<div class=\"elementor-icon-box-title\">\n\t\t\t\t\t\t<span  >\n\t\t\t\t\t\t\tProudly tropical\t\t\t\t\t\t<\/span>\n\t\t\t\t\t<\/div>\n\t\t\t\t\n\t\t\t\t\t\t\t\t\t<p class=\"elementor-icon-box-description\">\n\t\t\t\t\t\tOur flavors cross borders.\t\t\t\t\t<\/p>\n\t\t\t\t\n\t\t\t<\/div>\n\t\t\t\n\t\t<\/div>\n\t\t\t\t\t\t<\/div>\n\t\t\t\t<\/div>\n\t\t\t\t<div class=\"elementor-element elementor-element-641d9641 elementor-view-stacked elementor-position-inline-start elementor-mobile-position-inline-start elementor-shape-circle elementor-widget elementor-widget-icon-box\" data-id=\"641d9641\" data-element_type=\"widget\" data-e-type=\"widget\" data-widget_type=\"icon-box.default\">\n\t\t\t\t<div class=\"elementor-widget-container\">\n\t\t\t\t\t\t\t<div class=\"elementor-icon-box-wrapper\">\n\n\t\t\t\t\t\t<div class=\"elementor-icon-box-icon\">\n\t\t\t\t<span  class=\"elementor-icon\">\n\t\t\t\t<svg aria-hidden=\"true\" class=\"e-font-icon-svg e-far-grin-squint-tears\" viewbox=\"0 0 512 512\" xmlns=\"http:\/\/www.w3.org\/2000\/svg\"><path d=\"M117.1 384.1c-25.8 3.7-84 13.7-100.9 30.6-21.9 21.9-21.5 57.9.9 80.3s58.3 22.8 80.3.9C114.3 479 124.3 420.8 128 395c.8-6.4-4.6-11.8-10.9-10.9zm-41.2-41.7C40.3 268 53 176.1 114.6 114.6 152.4 76.8 202.6 56 256 56c36.2 0 70.8 9.8 101.2 27.7 3.8-20.3 8-36.1 12-48.3C333.8 17.2 294.9 8 256 8 192.5 8 129.1 32.2 80.6 80.6c-74.1 74.1-91.3 183.4-52 274 12.2-4.1 27.7-8.3 47.3-12.2zm352.3-187.6c45 76.6 34.9 176.9-30.8 242.6-37.8 37.8-88 58.6-141.4 58.6-30.5 0-59.8-7-86.4-19.8-3.9 19.5-8 35-12.2 47.2 31.4 13.6 65 20.6 98.7 20.6 63.5 0 126.9-24.2 175.4-72.6 78.1-78.1 93.1-195.4 45.2-288.6-12.3 4-28.2 8.1-48.5 12zm-33.3-26.9c25.8-3.7 84-13.7 100.9-30.6 21.9-21.9 21.5-57.9-.9-80.3s-58.3-22.8-80.3-.9C397.7 33 387.7 91.2 384 117c-.8 6.4 4.6 11.8 10.9 10.9zm-187 108.3c-3-3-7.2-4.2-11.4-3.2L106 255.7c-5.7 1.4-9.5 6.7-9.1 12.6.5 5.8 5.1 10.5 10.9 11l52.3 4.8 4.8 52.3c.5 5.8 5.2 10.4 11 10.9h.9c5.5 0 10.3-3.7 11.7-9.1l22.6-90.5c1-4.2-.2-8.5-3.2-11.5zm39.7-25.1l90.5-22.6c5.7-1.4 9.5-6.7 9.1-12.6-.5-5.8-5.1-10.5-10.9-11l-52.3-4.8-4.8-52.3c-.5-5.8-5.2-10.4-11-10.9-5.6-.1-11.2 3.4-12.6 9.1L233 196.5c-1 4.1.2 8.4 3.2 11.4 5 5 11.3 3.2 11.4 3.2zm52 88.5c-29.1 29.1-59.7 52.9-83.9 65.4-9.2 4.8-10 17.5-1.7 23.4 38.9 27.7 107 6.2 143.7-30.6S416 253 388.3 214.1c-5.8-8.2-18.5-7.6-23.4 1.7-12.3 24.2-36.2 54.7-65.3 83.8z\"><\/path><\/svg>\t\t\t\t<\/span>\n\t\t\t<\/div>\n\t\t\t\n\t\t\t\t\t\t<div class=\"elementor-icon-box-content\">\n\n\t\t\t\t\t\t\t\t\t<div class=\"elementor-icon-box-title\">\n\t\t\t\t\t\t<span  >\n\t\t\t\t\t\t\tFacts to share \t\t\t\t\t\t<\/span>\n\t\t\t\t\t<\/div>\n\t\t\t\t\n\t\t\t\t\t\t\t\t\t<p class=\"elementor-icon-box-description\">\n\t\t\t\t\t\t Ideal for your favorite moments, from a series to a good gossip.\t\t\t\t\t<\/p>\n\t\t\t\t\n\t\t\t<\/div>\n\t\t\t\n\t\t<\/div>\n\t\t\t\t\t\t<\/div>\n\t\t\t\t<\/div>\n\t\t\t\t\t<\/div>\n\t\t<\/div>\n\t\t\t\t<div class=\"elementor-column elementor-col-50 elementor-top-column elementor-element elementor-element-659e1c7b\" data-id=\"659e1c7b\" data-element_type=\"column\" data-e-type=\"column\">\n\t\t\t<div class=\"elementor-widget-wrap elementor-element-populated\">\n\t\t\t\t\t\t<div class=\"elementor-element elementor-element-1bd836b8 elementor-invisible elementor-widget elementor-widget-image\" data-id=\"1bd836b8\" data-element_type=\"widget\" data-e-type=\"widget\" data-settings=\"{&quot;_animation&quot;:&quot;bounceInDown&quot;}\" data-widget_type=\"image.default\">\n\t\t\t\t<div class=\"elementor-widget-container\">\n\t\t\t\t\t\t\t\t\t\t\t\t\t\t\t<img fetchpriority=\"high\" decoding=\"async\" width=\"1280\" height=\"960\" src=\"https:\/\/gossiptastefoods.com\/wp-content\/uploads\/2025\/06\/gopsi-snaks-1.jpg\" class=\"attachment-full size-full wp-image-357\" alt=\"\" srcset=\"https:\/\/gossiptastefoods.com\/wp-content\/uploads\/2025\/06\/gopsi-snaks-1.jpg 1280w, https:\/\/gossiptastefoods.com\/wp-content\/uploads\/2025\/06\/gopsi-snaks-1-300x225.jpg 300w, https:\/\/gossiptastefoods.com\/wp-content\/uploads\/2025\/06\/gopsi-snaks-1-1024x768.jpg 1024w, https:\/\/gossiptastefoods.com\/wp-content\/uploads\/2025\/06\/gopsi-snaks-1-768x576.jpg 768w\" sizes=\"(max-width: 1280px) 100vw, 1280px\" \/>\t\t\t\t\t\t\t\t\t\t\t\t\t\t\t<\/div>\n\t\t\t\t<\/div>\n\t\t\t\t<div class=\"elementor-element elementor-element-1d6ab6b7 elementor-widget__width-initial elementor-absolute elementor-invisible elementor-widget elementor-widget-image\" data-id=\"1d6ab6b7\" data-element_type=\"widget\" data-e-type=\"widget\" data-settings=\"{&quot;_animation&quot;:&quot;fadeInUp&quot;,&quot;_position&quot;:&quot;absolute&quot;}\" data-widget_type=\"image.default\">\n\t\t\t\t<div class=\"elementor-widget-container\">\n\t\t\t\t\t\t\t\t\t\t\t\t\t\t\t<img decoding=\"async\" width=\"925\" height=\"937\" src=\"https:\/\/gossiptastefoods.com\/wp-content\/uploads\/2025\/06\/snacks-al-por-mayor-USA-2.png\" class=\"attachment-full size-full wp-image-157\" alt=\"\" srcset=\"https:\/\/gossiptastefoods.com\/wp-content\/uploads\/2025\/06\/snacks-al-por-mayor-USA-2.png 925w, https:\/\/gossiptastefoods.com\/wp-content\/uploads\/2025\/06\/snacks-al-por-mayor-USA-2-296x300.png 296w, https:\/\/gossiptastefoods.com\/wp-content\/uploads\/2025\/06\/snacks-al-por-mayor-USA-2-768x778.png 768w\" sizes=\"(max-width: 925px) 100vw, 925px\" \/>\t\t\t\t\t\t\t\t\t\t\t\t\t\t\t<\/div>\n\t\t\t\t<\/div>\n\t\t\t\t\t<\/div>\n\t\t<\/div>\n\t\t\t\t\t<\/div>\n\t\t<\/section>\n\t\t\t\t<section class=\"elementor-section elementor-top-section elementor-element elementor-element-4fd34ae elementor-section-boxed elementor-section-height-default elementor-section-height-default\" data-id=\"4fd34ae\" data-element_type=\"section\" data-e-type=\"section\" data-settings=\"{&quot;background_background&quot;:&quot;classic&quot;}\">\n\t\t\t\t\t\t\t<div class=\"elementor-background-overlay\"><\/div>\n\t\t\t\t\t\t\t<div class=\"elementor-container elementor-column-gap-default\">\n\t\t\t\t\t<div class=\"elementor-column elementor-col-100 elementor-top-column elementor-element elementor-element-229b1086 elementor-invisible\" data-id=\"229b1086\" data-element_type=\"column\" data-e-type=\"column\" data-settings=\"{&quot;animation&quot;:&quot;fadeInLeft&quot;}\">\n\t\t\t<div class=\"elementor-widget-wrap elementor-element-populated\">\n\t\t\t\t\t\t<div class=\"elementor-element elementor-element-a0d3c2b elementor-headline--style-highlight elementor-widget elementor-widget-animated-headline\" data-id=\"a0d3c2b\" data-element_type=\"widget\" data-e-type=\"widget\" data-settings=\"{&quot;highlighted_text&quot;:&quot;Misi\\u00f3n&quot;,&quot;headline_style&quot;:&quot;highlight&quot;,&quot;marker&quot;:&quot;circle&quot;,&quot;loop&quot;:&quot;yes&quot;,&quot;highlight_animation_duration&quot;:1200,&quot;highlight_iteration_delay&quot;:8000}\" data-widget_type=\"animated-headline.default\">\n\t\t\t\t<div class=\"elementor-widget-container\">\n\t\t\t\t\t\t\t<h3 class=\"elementor-headline\">\n\t\t\t\t\t<span class=\"elementor-headline-plain-text elementor-headline-text-wrapper\">Our<\/span>\n\t\t\t\t<span class=\"elementor-headline-dynamic-wrapper elementor-headline-text-wrapper\">\n\t\t\t\t\t<span class=\"elementor-headline-dynamic-text elementor-headline-text-active\">Mission<\/span>\n\t\t\t\t<\/span>\n\t\t\t\t\t<span class=\"elementor-headline-plain-text elementor-headline-text-wrapper\">bringing people together over good gossip and a better snack.<\/span>\n\t\t\t\t\t<\/h3>\n\t\t\t\t\t\t<\/div>\n\t\t\t\t<\/div>\n\t\t\t\t<div class=\"elementor-element elementor-element-1b6e177b elementor-widget elementor-widget-text-editor\" data-id=\"1b6e177b\" data-element_type=\"widget\" data-e-type=\"widget\" data-widget_type=\"text-editor.default\">\n\t\t\t\t<div class=\"elementor-widget-container\">\n\t\t\t\t\t\t\t\t\t<p><span style=\"color: #ffffff;\"><strong>Some snacks whisper. Ours gossip.<\/strong><\/span><br \/><span style=\"color: #ffffff;\">And they're ready to tell you all about it... bite after bite.<\/span><\/p>\t\t\t\t\t\t\t\t<\/div>\n\t\t\t\t<\/div>\n\t\t\t\t\t<\/div>\n\t\t<\/div>\n\t\t\t\t\t<\/div>\n\t\t<\/section>\n\t\t\t\t<\/div>","protected":false},"excerpt":{"rendered":"<p>Olv\u00eddate de los snacks aburridos. Olv\u00eddate de los bocados silenciosos. Gossip Taste\u2122: El Snack que Tiene Tanto Sabor como Personalidad En\u00a0Gossip Taste\u2122\u00a0creamos snacks con personalidad: atrevidos, crujientes y listos para dar de qu\u00e9 hablar. Nacimos en Ecuador para llevar al mundo el snack perfecto para acompa\u00f1ar tus momentos m\u00e1s sabrosos (y chismosos). Atrevidos por naturaleza [&hellip;]<\/p>\n","protected":false},"author":1,"featured_media":0,"parent":0,"menu_order":0,"comment_status":"closed","ping_status":"closed","template":"elementor_header_footer","meta":{"footnotes":""},"class_list":["post-30","page","type-page","status-publish","hentry"],"_links":{"self":[{"href":"https:\/\/gossiptastefoods.com\/en\/wp-json\/wp\/v2\/pages\/30","targetHints":{"allow":["GET"]}}],"collection":[{"href":"https:\/\/gossiptastefoods.com\/en\/wp-json\/wp\/v2\/pages"}],"about":[{"href":"https:\/\/gossiptastefoods.com\/en\/wp-json\/wp\/v2\/types\/page"}],"author":[{"embeddable":true,"href":"https:\/\/gossiptastefoods.com\/en\/wp-json\/wp\/v2\/users\/1"}],"replies":[{"embeddable":true,"href":"https:\/\/gossiptastefoods.com\/en\/wp-json\/wp\/v2\/comments?post=30"}],"version-history":[{"count":34,"href":"https:\/\/gossiptastefoods.com\/en\/wp-json\/wp\/v2\/pages\/30\/revisions"}],"predecessor-version":[{"id":380,"href":"https:\/\/gossiptastefoods.com\/en\/wp-json\/wp\/v2\/pages\/30\/revisions\/380"}],"wp:attachment":[{"href":"https:\/\/gossiptastefoods.com\/en\/wp-json\/wp\/v2\/media?parent=30"}],"curies":[{"name":"wp","href":"https:\/\/api.w.org\/{rel}","templated":true}]}}